{"id":951,"date":"2021-09-14T17:25:20","date_gmt":"2021-09-14T15:25:20","guid":{"rendered":"https:\/\/new.taurecon.com\/imprint\/"},"modified":"2025-09-19T23:23:32","modified_gmt":"2025-09-19T21:23:32","slug":"imprint","status":"publish","type":"page","link":"https:\/\/www.taurecon.com\/en\/imprint\/","title":{"rendered":"Imprint"},"content":{"rendered":"<p>[et_pb_section fb_built=&#8221;1&#8243; _builder_version=&#8221;4.16&#8243; _module_preset=&#8221;default&#8221; background_image=&#8221;https:\/\/www.taurecon.com\/cms\/wp-content\/uploads\/2021\/08\/GettyImages-553999351-1.jpg&#8221; global_colors_info=&#8221;{}&#8221;][et_pb_row _builder_version=&#8221;4.16&#8243; _module_preset=&#8221;default&#8221; global_colors_info=&#8221;{}&#8221;][et_pb_column type=&#8221;4_4&#8243; _builder_version=&#8221;4.16&#8243; _module_preset=&#8221;default&#8221; global_colors_info=&#8221;{}&#8221;][et_pb_text _builder_version=&#8221;4.16&#8243; _module_preset=&#8221;default&#8221; text_text_color=&#8221;#FFFFFF&#8221; header_font=&#8221;|700|||||||&#8221; header_text_color=&#8221;#FFFFFF&#8221; header_font_size=&#8221;50px&#8221; module_alignment=&#8221;center&#8221; min_height=&#8221;329px&#8221; custom_padding=&#8221;100px||||false|false&#8221; global_colors_info=&#8221;{}&#8221;]<\/p>\n<div id=\"page-header\" class=\"header-style-dark\" data-imgready=\"true\">\n<div class=\"header-wrapper header-uncode-block\">\n<div id=\"row-768850\" class=\"vc_row row-container\" data-parent=\"true\" data-section=\"0\">\n<div class=\"row triple-top-padding triple-bottom-padding single-h-padding limit-width row-parent row-header\" data-height-ratio=\"65\" data-row-header=\"true\" data-imgready=\"true\">\n<div class=\"wpb_row row-inner\">\n<div class=\"wpb_column pos-middle pos-center align_center column_parent col-lg-12 single-internal-gutter\">\n<div class=\"uncol style-dark\">\n<div class=\"uncoltable\">\n<div class=\"uncell no-block-padding\">\n<div class=\"uncont\">\n<div class=\"vc_custom_heading_wrap \">\n<h1 class=\"heading-text el-text alpha-anim animate_when_almost_visible start_animation\" style=\"text-align: center;\">Impressum<\/h1>\n<div class=\"clear\"><\/div>\n<\/div>\n<\/div>\n<\/div>\n<\/div>\n<\/div>\n<\/div>\n<\/div>\n<\/div>\n<\/div>\n<\/div>\n<\/div>\n<p>[\/et_pb_text][\/et_pb_column][\/et_pb_row][\/et_pb_section][et_pb_section fb_built=&#8221;1&#8243; _builder_version=&#8221;4.16&#8243; _module_preset=&#8221;default&#8221; global_colors_info=&#8221;{}&#8221;][et_pb_row _builder_version=&#8221;4.16&#8243; _module_preset=&#8221;default&#8221; global_colors_info=&#8221;{}&#8221;][et_pb_column type=&#8221;4_4&#8243; _builder_version=&#8221;4.16&#8243; _module_preset=&#8221;default&#8221; global_colors_info=&#8221;{}&#8221;][et_pb_text _builder_version=&#8221;4.16&#8243; _module_preset=&#8221;default&#8221; link_text_color=&#8221;gcid-e9ecf2e0-6be8-405c-add1-9b9cee5d3d6d&#8221; global_colors_info=&#8221;{%22gcid-e9ecf2e0-6be8-405c-add1-9b9cee5d3d6d%22:%91%22link_text_color%22%93}&#8221;]<\/p>\n<div class=\"vc_custom_heading_wrap \">\n<div class=\"heading-text el-text\">\n<h2 class=\"h2\" style=\"text-align: center;\">Taurecon GmbH<\/h2>\n<\/div>\n<div class=\"clear\" style=\"text-align: center;\">\u00a0<\/div>\n<\/div>\n<div class=\"uncode_text_column\" style=\"text-align: center;\">\n<p>Kurf\u00fcrstendamm 207 &#8211; 208<br \/>10719 Berlin<\/p>\n<p>Tel.: +49 (0)30 2000 914 0<br \/>Fax: +49 (0)30 6908 8163<\/p>\n<\/div>\n<div class=\"uncode_text_column\">\n<p style=\"text-align: center;\"><strong>Erlaubnis<\/strong>\u00a0nach \u00a7 34c Abs. 1 Satz 1 Nr. 1 \u2013 3a GewO, Aufsichtsbeh\u00f6rde: Stadt Berlin<br \/><strong>Zust\u00e4ndige Beh\u00f6rde:<\/strong>\u00a0Ordnungsamt Charlottenburg-Wilmersdorf, Hohenzollerndamm 174-177 in 10713 Berlin<\/p>\n<p style=\"text-align: center;\"><strong>Gesch\u00e4ftsf\u00fchrer:<\/strong>\u00a0Thomas Bergander<br \/><strong>Inhaltlich Verantwortlicher:<\/strong>\u00a0Thomas Bergander<\/p>\n<p style=\"text-align: center;\"><strong>HRB 152836 B | AG Charlottenburg<br \/>Umsatzsteuer-Identifikationsnummer<\/strong>\u00a0gem\u00e4\u00df \u00a7 27 a Umsatzsteuergesetz: DE 291971960<\/p>\n<p style=\"text-align: center;\"><b>Kommunikation<\/b><strong>:<\/strong>\u00a0<a href=\"http:\/\/www.stoebekommunikation.com\/\">ST\u00d6BE. Die Agentur f\u00fcr Kommunikation GmbH<\/a><\/p>\n<p style=\"text-align: center;\"><strong>Portr\u00e4tfotos:<\/strong>\u00a0Heidi Scherm\u00a0<a href=\"http:\/\/www.heidischerm.de\/\">www.heidischerm.de<\/a><br \/><strong>Presse- und Eventfotos:\u00a0<\/strong>Christian Kruppa\u00a0<a href=\"http:\/\/www.christiankruppa.de\/\">http:\/\/www.christiankruppa.de<\/a><\/p>\n<\/div>\n<p>[\/et_pb_text][\/et_pb_column][\/et_pb_row][\/et_pb_section]<\/p>\n","protected":false},"excerpt":{"rendered":"<p>Impressum Taurecon GmbH \u00a0 Kurf\u00fcrstendamm 207 &#8211; 20810719 Berlin Tel.: +49 (0)30 2000 914 0Fax: +49 (0)30 6908 8163 Erlaubnis\u00a0nach \u00a7 34c Abs. 1 Satz 1 Nr. 1 \u2013 3a GewO, Aufsichtsbeh\u00f6rde: Stadt BerlinZust\u00e4ndige Beh\u00f6rde:\u00a0Ordnungsamt Charlottenburg-Wilmersdorf, Hohenzollerndamm 174-177 in 10713 Berlin Gesch\u00e4ftsf\u00fchrer:\u00a0Thomas BerganderInhaltlich Verantwortlicher:\u00a0Thomas Bergander HRB 152836 B | AG CharlottenburgUmsatzsteuer-Identifikationsnummer\u00a0gem\u00e4\u00df \u00a7 27 a Umsatzsteuergesetz: [&hellip;]<\/p>\n","protected":false},"author":1,"featured_media":0,"parent":0,"menu_order":0,"comment_status":"closed","ping_status":"closed","template":"","meta":{"_et_pb_use_builder":"on","_et_pb_old_content":"","_et_gb_content_width":"","footnotes":""},"class_list":["post-951","page","type-page","status-publish","hentry"],"_links":{"self":[{"href":"https:\/\/www.taurecon.com\/en\/wp-json\/wp\/v2\/pages\/951","targetHints":{"allow":["GET"]}}],"collection":[{"href":"https:\/\/www.taurecon.com\/en\/wp-json\/wp\/v2\/pages"}],"about":[{"href":"https:\/\/www.taurecon.com\/en\/wp-json\/wp\/v2\/types\/page"}],"author":[{"embeddable":true,"href":"https:\/\/www.taurecon.com\/en\/wp-json\/wp\/v2\/users\/1"}],"replies":[{"embeddable":true,"href":"https:\/\/www.taurecon.com\/en\/wp-json\/wp\/v2\/comments?post=951"}],"version-history":[{"count":8,"href":"https:\/\/www.taurecon.com\/en\/wp-json\/wp\/v2\/pages\/951\/revisions"}],"predecessor-version":[{"id":2542,"href":"https:\/\/www.taurecon.com\/en\/wp-json\/wp\/v2\/pages\/951\/revisions\/2542"}],"wp:attachment":[{"href":"https:\/\/www.taurecon.com\/en\/wp-json\/wp\/v2\/media?parent=951"}],"curies":[{"name":"wp","href":"https:\/\/api.w.org\/{rel}","templated":true}]}}